{"id":372,"date":"2026-04-08T16:11:10","date_gmt":"2026-04-08T16:11:10","guid":{"rendered":"https:\/\/www.konjickiklubarandjelovac.rs\/?page_id=372"},"modified":"2026-04-18T00:51:21","modified_gmt":"2026-04-18T00:51:21","slug":"kontakt","status":"publish","type":"page","link":"https:\/\/www.konjickiklubarandjelovac.rs\/en\/contact\/","title":{"rendered":"CONTACT"},"content":{"rendered":"<div class=\"row row-collapse row-full-width\"  id=\"row-964650576\">\n\n\t<div id=\"col-813028637\" class=\"col small-12 large-12\"  >\n\t\t\t\t<div class=\"col-inner\"  >\n\t\t\t\n\t\t\t\n\n\t<section class=\"section\" id=\"section_389049730\">\n\t\t<div class=\"section-bg fill\" >\n\t\t\t<img wpfc-lazyload-disable=\"true\" loading=\"lazy\" decoding=\"async\" width=\"1000\" height=\"666\" src=\"https:\/\/www.konjickiklubarandjelovac.rs\/wp-content\/uploads\/2026\/04\/sultan.webp\" class=\"bg attachment-original size-original\" alt=\"\" wpfc-lazyload-disable=\"true\" \/>\t\t\t\t\t\t<div class=\"section-bg-overlay absolute fill\"><\/div>\n\t\t\t\n\n\t\t<\/div>\n\n\t\t\n\n\t\t<div class=\"section-content relative\">\n\t\t\t\n<div class=\"row row-collapse align-center\" style=\"max-width:\" id=\"row-1506310715\">\n\n\t<div id=\"col-1656518075\" class=\"col small-12 large-12\"  >\n\t\t\t\t<div class=\"col-inner text-center dark\"  >\n\t\t\t\n\t\t\t\n\t\t<\/div>\n\t\t\t\t\n<style>\n#col-1656518075 > .col-inner {\n  padding: 100px 20px 200px 0px;\n}\n@media (min-width:550px) {\n  #col-1656518075 > .col-inner {\n    padding: 100px 0px 200px 0px;\n  }\n}\n<\/style>\n\t<\/div>\n\n\t\n<\/div>\n\t\t<\/div>\n\n\t\t\n<style>\n#section_389049730 {\n  padding-top: 0px;\n  padding-bottom: 0px;\n  min-height: 0px;\n}\n#section_389049730 .section-bg-overlay {\n  background-color: rgba(0, 0, 0, 0.12);\n}\n#section_389049730 .section-bg img {\n  object-position: 55% 34%;\n}\n@media (min-width:550px) {\n  #section_389049730 {\n    padding-top: 0px;\n    padding-bottom: 0px;\n  }\n  #section_389049730 .section-bg-overlay {\n    background-color: rgba(0, 0, 0, 0.21);\n  }\n}\n@media (min-width:850px) {\n  #section_389049730 {\n    padding-top: 150px;\n    padding-bottom: 150px;\n  }\n  #section_389049730 .section-bg-overlay {\n    background-color: rgba(0, 0, 0, 0.262);\n  }\n}\n<\/style>\n\t<\/section>\n\t\n\t\t<\/div>\n\t\t\t\t\n<style>\n#col-813028637 > .col-inner {\n  padding: 0px 30px 0px 30px;\n}\n<\/style>\n\t<\/div>\n\n\t\n<\/div>\n<div class=\"row row-large\" style=\"max-width:1400px\" id=\"row-805899526\">\n\n\t<div id=\"col-190570287\" class=\"col small-12 large-12\"  >\n\t\t\t\t<div class=\"col-inner\" style=\"background-color:rgb(255, 255, 255);\" >\n\t\t\t\n\t\t\t\n<div class=\"row row-collapse row-full-width\"  id=\"row-1206719922\">\n\n\t<div id=\"col-1496401819\" class=\"col medium-12 small-12 large-6\"  >\n\t\t\t\t<div class=\"col-inner\"  >\n\t\t\t\n\t\t\t\n<h2><span style=\"font-size: 120%;\">Contact Information<\/span><\/h2>\n<p>If you have any questions, you can contact us using the information below or by sending a message through the form.<\/p>\n\t<div id=\"gap-1530495871\" class=\"gap-element clearfix\" style=\"display:block; height:auto;\">\n\t\t\n<style>\n#gap-1530495871 {\n  padding-top: 20px;\n}\n@media (min-width:550px) {\n  #gap-1530495871 {\n    padding-top: 20px;\n  }\n}\n@media (min-width:850px) {\n  #gap-1530495871 {\n    padding-top: 30px;\n  }\n}\n<\/style>\n\t<\/div>\n\t\n<div class=\"row\"  id=\"row-1046159275\">\n\n\t<div id=\"col-92779782\" class=\"col medium-6 small-12 large-6\"  >\n\t\t\t\t<div class=\"col-inner\"  >\n\t\t\t\n\t\t\t\n\t<div class=\"img has-hover x md-x lg-x y md-y lg-y\" id=\"image_182432923\">\n\t\t\t\t\t\t\t\t<div class=\"img-inner dark\" >\n\t\t\t<img wpfc-lazyload-disable=\"true\" decoding=\"async\" src=\"https:\/\/www.konjickiklubarandjelovac.rs\/wp-content\/uploads\/2026\/04\/adress.svg\" class=\"attachment-original size-original\" alt=\"\" wpfc-lazyload-disable=\"true\" \/>\t\t\t\t\t\t\n\t\t\t\t\t<\/div>\n\t\t\t\t\t\t\t\t\n<style>\n#image_182432923 {\n  width: 15%;\n}\n@media (min-width:550px) {\n  #image_182432923 {\n    width: 20%;\n  }\n}\n<\/style>\n\t<\/div>\n\t\n<h3 class=\"uppercase\">Address<\/h3>\n<p>Equestrian Club &#8220;Aran\u0111elovac&#8221;<br \/>\nAlekse \u0160anti\u0107a 44;<br \/>\n34300 Aran\u0111elovac<br \/>\nSerbia<\/p>\n\t\t<\/div>\n\t\t\t\t\t<\/div>\n\n\t\n\n\t<div id=\"col-1960064179\" class=\"col medium-5 small-12 large-6\"  >\n\t\t\t\t<div class=\"col-inner\"  >\n\t\t\t\n\t\t\t\n\t<div class=\"img has-hover x md-x lg-x y md-y lg-y\" id=\"image_99546676\">\n\t\t\t\t\t\t\t\t<div class=\"img-inner dark\" >\n\t\t\t<img wpfc-lazyload-disable=\"true\" decoding=\"async\" src=\"https:\/\/www.konjickiklubarandjelovac.rs\/wp-content\/uploads\/2026\/04\/working_hours.svg\" class=\"attachment-original size-original\" alt=\"\" wpfc-lazyload-disable=\"true\" \/>\t\t\t\t\t\t\n\t\t\t\t\t<\/div>\n\t\t\t\t\t\t\t\t\n<style>\n#image_99546676 {\n  width: 15%;\n}\n@media (min-width:550px) {\n  #image_99546676 {\n    width: 20%;\n  }\n}\n<\/style>\n\t<\/div>\n\t\n<h3 class=\"uppercase\">Working Hours<\/h3>\n<p>Monday &#8211; Friday: 10am &#8211; 6pm<br \/>\nSaturday: 8am &#8211; 6pm<br \/>\nSunday: 9am &#8211; 5pm<\/p>\n\t\t<\/div>\n\t\t\t\t\t<\/div>\n\n\t\n<\/div>\n<div class=\"row\"  id=\"row-1308708508\">\n\n\t<div id=\"col-1185737858\" class=\"col medium-6 small-12 large-6\"  >\n\t\t\t\t<div class=\"col-inner\"  >\n\t\t\t\n\t\t\t\n\t<div class=\"img has-hover x md-x lg-x y md-y lg-y\" id=\"image_872621009\">\n\t\t\t\t\t\t\t\t<div class=\"img-inner dark\" >\n\t\t\t<img wpfc-lazyload-disable=\"true\" decoding=\"async\" src=\"https:\/\/www.konjickiklubarandjelovac.rs\/wp-content\/uploads\/2026\/04\/email.svg\" class=\"attachment-original size-original\" alt=\"\" wpfc-lazyload-disable=\"true\" \/>\t\t\t\t\t\t\n\t\t\t\t\t<\/div>\n\t\t\t\t\t\t\t\t\n<style>\n#image_872621009 {\n  width: 15%;\n}\n@media (min-width:550px) {\n  #image_872621009 {\n    width: 20%;\n  }\n}\n<\/style>\n\t<\/div>\n\t\n<h3 class=\"uppercase\">Email<\/h3>\n<p>kkarandjelovac@gmail.com<\/p>\n\t\t<\/div>\n\t\t\t\t\t<\/div>\n\n\t\n\n\t<div id=\"col-1536837763\" class=\"col medium-6 small-12 large-6\"  >\n\t\t\t\t<div class=\"col-inner\"  >\n\t\t\t\n\t\t\t\n\t<div class=\"img has-hover x md-x lg-x y md-y lg-y\" id=\"image_1904740529\">\n\t\t\t\t\t\t\t\t<div class=\"img-inner dark\" >\n\t\t\t<img wpfc-lazyload-disable=\"true\" decoding=\"async\" src=\"https:\/\/www.konjickiklubarandjelovac.rs\/wp-content\/uploads\/2026\/04\/phone.svg\" class=\"attachment-original size-original\" alt=\"\" wpfc-lazyload-disable=\"true\" \/>\t\t\t\t\t\t\n\t\t\t\t\t<\/div>\n\t\t\t\t\t\t\t\t\n<style>\n#image_1904740529 {\n  width: 15%;\n}\n@media (min-width:550px) {\n  #image_1904740529 {\n    width: 20%;\n  }\n}\n<\/style>\n\t<\/div>\n\t\n<h3 class=\"uppercase\">Phone<\/h3>\n<p>+381 60 671 1057<\/p>\n\t\t<\/div>\n\t\t\t\t\t<\/div>\n\n\t\n\n\t<div id=\"col-566634332\" class=\"col medium-6 small-12 large-6\"  >\n\t\t\t\t<div class=\"col-inner\"  >\n\t\t\t\n\t\t\t\n\t<div class=\"img has-hover x md-x lg-x y md-y lg-y\" id=\"image_530334534\">\n\t\t\t\t\t\t\t\t<div class=\"img-inner dark\" >\n\t\t\t<img wpfc-lazyload-disable=\"true\" decoding=\"async\" src=\"https:\/\/www.konjickiklubarandjelovac.rs\/wp-content\/uploads\/2026\/04\/whatsapp.svg\" class=\"attachment-original size-original\" alt=\"\" wpfc-lazyload-disable=\"true\" \/>\t\t\t\t\t\t\n\t\t\t\t\t<\/div>\n\t\t\t\t\t\t\t\t\n<style>\n#image_530334534 {\n  width: 15%;\n}\n@media (min-width:550px) {\n  #image_530334534 {\n    width: 20%;\n  }\n}\n<\/style>\n\t<\/div>\n\t\n<h3>WhatsApp<\/h3>\n<p><a href=\"https:\/\/wa.me\/381606711057\" target=\"_blank\" rel=\"noopener\">+381 60 671 1057<\/a><\/p>\n\t\t<\/div>\n\t\t\t\t\t<\/div>\n\n\t\n\n\t<div id=\"col-2135809577\" class=\"col medium-6 small-12 large-6\"  >\n\t\t\t\t<div class=\"col-inner\"  >\n\t\t\t\n\t\t\t\n\t<div class=\"img has-hover x md-x lg-x y md-y lg-y\" id=\"image_1770988095\">\n\t\t\t\t\t\t\t\t<div class=\"img-inner dark\" >\n\t\t\t<img wpfc-lazyload-disable=\"true\" decoding=\"async\" src=\"https:\/\/www.konjickiklubarandjelovac.rs\/wp-content\/uploads\/2026\/04\/address-1.svg\" class=\"attachment-original size-original\" alt=\"\" wpfc-lazyload-disable=\"true\" \/>\t\t\t\t\t\t\n\t\t\t\t\t<\/div>\n\t\t\t\t\t\t\t\t\n<style>\n#image_1770988095 {\n  width: 15%;\n}\n@media (min-width:550px) {\n  #image_1770988095 {\n    width: 20%;\n  }\n}\n<\/style>\n\t<\/div>\n\t\n<h3>Company Details<\/h3>\n<p>PIB 105990933<br \/>\nMB 17767763<br \/>\nBank account (UniCredit Bank): 170-0050013622000-58<\/p>\n\t\t<\/div>\n\t\t\t\t\t<\/div>\n\n\t\n\n\t<div id=\"col-2087009607\" class=\"col medium-6 small-12 large-6\"  >\n\t\t\t\t<div class=\"col-inner\"  >\n\t\t\t\n\t\t\t\n<h3>Follow Us<\/h3>\n\t<div id=\"gap-54672930\" class=\"gap-element clearfix\" style=\"display:block; height:auto;\">\n\t\t\n<style>\n#gap-54672930 {\n  padding-top: 30px;\n}\n<\/style>\n\t<\/div>\n\t\n<div class=\"social-icons follow-icons\" style=\"font-size:116%\"><a href=\"https:\/\/www.facebook.com\/kkarandjelovac\/?locale=sr_RS\" target=\"_blank\" data-label=\"Facebook\" class=\"icon primary button circle tooltip facebook\" title=\"Follow on Facebook\" aria-label=\"Follow on Facebook\" rel=\"noopener nofollow\"><i class=\"icon-facebook\" aria-hidden=\"true\"><\/i><\/a><a href=\"https:\/\/www.instagram.com\/konjickiklub\/\" target=\"_blank\" data-label=\"Instagram\" class=\"icon primary button circle tooltip instagram\" title=\"Follow on Instagram\" aria-label=\"Follow on Instagram\" rel=\"noopener nofollow\"><i class=\"icon-instagram\" aria-hidden=\"true\"><\/i><\/a><\/div>\n\t\t<\/div>\n\t\t\t\t\t<\/div>\n\n\t\n<\/div>\n\t\t<\/div>\n\t\t\t\t\n<style>\n#col-1496401819 > .col-inner {\n  padding: 0px 0px 0px 20px;\n}\n<\/style>\n\t<\/div>\n\n\t\n\n\t<div id=\"col-2005348444\" class=\"col medium-12 small-12 large-6\"  >\n\t\t\t\t<div class=\"col-inner\"  >\n\t\t\t\n\t\t\t\n<h2><span style=\"font-size: 120%;\">Have a Question?<\/span><\/h2>\n\t<div id=\"gap-740003388\" class=\"gap-element clearfix\" style=\"display:block; height:auto;\">\n\t\t\n<style>\n#gap-740003388 {\n  padding-top: 20px;\n}\n@media (min-width:550px) {\n  #gap-740003388 {\n    padding-top: 20px;\n  }\n}\n@media (min-width:850px) {\n  #gap-740003388 {\n    padding-top: 30px;\n  }\n}\n<\/style>\n\t<\/div>\n\t\n<div class=\"forminator-ui forminator-custom-form forminator-custom-form-1114 forminator-design--default  forminator_ajax\" data-forminator-render=\"0\" data-form=\"forminator-module-1114\" data-uid=\"69e36aca02fa0\"><br\/><\/div><form\n\t\t\t\tid=\"forminator-module-1114\"\n\t\t\t\tclass=\"forminator-ui forminator-custom-form forminator-custom-form-1114 forminator-design--default  forminator_ajax\"\n\t\t\t\tmethod=\"post\"\n\t\t\t\tdata-forminator-render=\"0\"\n\t\t\t\tdata-form-id=\"1114\"\n\t\t\t\t data-color-option=\"theme\" data-design=\"default\" data-grid=\"open\" style=\"display: none;\"\n\t\t\t\tdata-uid=\"69e36aca02fa0\"\n\t\t\t><div role=\"alert\" aria-live=\"polite\" class=\"forminator-response-message forminator-error\" aria-hidden=\"true\"><\/div><div class=\"forminator-row\"><div id=\"name-1\" class=\"forminator-field-name forminator-col forminator-col-12 \"><div class=\"forminator-field\"><label for=\"forminator-field-name-1_69e36aca02fa0\" id=\"forminator-field-name-1_69e36aca02fa0-label\" class=\"forminator-label\">First and last name <span class=\"forminator-required\">*<\/span><\/label><input type=\"text\" name=\"name-1\" value=\"\" placeholder=\"\" id=\"forminator-field-name-1_69e36aca02fa0\" class=\"forminator-input forminator-name--field\" aria-required=\"true\" autocomplete=\"name\" \/><\/div><\/div><\/div><div class=\"forminator-row\"><div id=\"email-1\" class=\"forminator-field-email forminator-col forminator-col-12 \"><div class=\"forminator-field\"><label for=\"forminator-field-email-1_69e36aca02fa0\" id=\"forminator-field-email-1_69e36aca02fa0-label\" class=\"forminator-label\">Email address <span class=\"forminator-required\">*<\/span><\/label><input type=\"email\" name=\"email-1\" value=\"\" placeholder=\"\" id=\"forminator-field-email-1_69e36aca02fa0\" class=\"forminator-input forminator-email--field\" data-required=\"true\" aria-required=\"true\" autocomplete=\"email\" \/><\/div><\/div><\/div><div class=\"forminator-row\"><div id=\"phone-1\" class=\"forminator-field-phone forminator-col forminator-col-12 \"><div class=\"forminator-field\"><label for=\"forminator-field-phone-1_69e36aca02fa0\" id=\"forminator-field-phone-1_69e36aca02fa0-label\" class=\"forminator-label\">Phone number<\/label><span id=\"forminator-field-phone-1_69e36aca02fa0-description\" class=\"forminator-description\" id=\"forminator-field-phone-1_69e36aca02fa0-description\">Optional<\/span><input type=\"text\" name=\"phone-1\" value=\"\" placeholder=\"\" id=\"forminator-field-phone-1_69e36aca02fa0\" class=\"forminator-input forminator-field--phone\" data-required=\"\" aria-required=\"false\" autocomplete=\"off\" aria-describedby=\"forminator-field-phone-1_69e36aca02fa0-description\" \/><\/div><\/div><\/div><div class=\"forminator-row\"><div id=\"textarea-1\" class=\"forminator-field-textarea forminator-col forminator-col-12 \"><div class=\"forminator-field\"><label for=\"forminator-field-textarea-1_69e36aca02fa0\" id=\"forminator-field-textarea-1_69e36aca02fa0-label\" class=\"forminator-label\">Message<\/label><span id=\"forminator-field-textarea-1_69e36aca02fa0-description\" class=\"forminator-description\"><span data-limit=\"180\" data-type=\"characters\" data-editor=\"\">0 \/ 180<\/span><\/span><textarea name=\"textarea-1\" placeholder=\"\" id=\"forminator-field-textarea-1_69e36aca02fa0\" class=\"forminator-textarea\" rows=\"6\" style=\"min-height:140px;\" maxlength=\"180\" ><\/textarea><\/div><\/div><\/div><input type=\"hidden\" name=\"referer_url\" value=\"\" \/><div class=\"forminator-row forminator-row-last\"><div class=\"forminator-col\"><div class=\"forminator-field\"><button class=\"forminator-button forminator-button-submit\">SEND<\/button><\/div><\/div><\/div><input type=\"hidden\" id=\"forminator_nonce\" name=\"forminator_nonce\" value=\"d8f8ee1df3\" \/><input type=\"hidden\" name=\"_wp_http_referer\" value=\"\/en\/wp-json\/wp\/v2\/pages\/372\" \/><input type=\"hidden\" name=\"form_id\" value=\"1114\"><input type=\"hidden\" name=\"page_id\" value=\"372\"><input type=\"hidden\" name=\"form_type\" value=\"default\"><input type=\"hidden\" name=\"current_url\" value=\"https:\/\/www.konjickiklubarandjelovac.rs\/en\/contact\/\"><input type=\"hidden\" name=\"render_id\" value=\"0\"><input type=\"hidden\" name=\"action\" value=\"forminator_submit_form_custom-forms\"><\/form>\n\t\t<\/div>\n\t\t\t\t\t<\/div>\n\n\t\n\n<style>\n#row-1206719922 > .col > .col-inner {\n  padding: 0px 15px 0px 15px;\n}\n<\/style>\n<\/div>\n\t\t<\/div>\n\t\t\t\t\n<style>\n#col-190570287 > .col-inner {\n  padding: 50px 20px 0px 20px;\n  margin: -0 0px 0px 0px;\n}\n@media (min-width:550px) {\n  #col-190570287 > .col-inner {\n    padding: 50px 20px 30px 20px;\n    margin: 0 0px 0px 0px;\n  }\n}\n@media (min-width:850px) {\n  #col-190570287 > .col-inner {\n    padding: 66px 5% 16px 5%;\n    margin: -135px 0px 0px 0px;\n  }\n}\n<\/style>\n\t<\/div>\n\n\t\n<\/div>\n<div class=\"row row-collapse row-full-width\"  id=\"row-977529248\">\n\n\t<div id=\"col-1118338918\" class=\"col small-12 large-12\"  >\n\t\t\t\t<div class=\"col-inner\"  >\n\t\t\t\n\t\t\t\n\n<p><iframe src=\"https:\/\/www.google.com\/maps\/embed?pb=!1m18!1m12!1m3!1d2854.9506270507245!2d20.534728299999998!3d44.31096549999999!2m3!1f0!2f0!3f0!3m2!1i1024!2i768!4f13.1!3m3!1m2!1s0x47574d5d82c334e3%3A0xfa57977205c4ffd0!2z0JrQvtGa0LjRh9C60Lgg0LrQu9GD0LEg0JDRgNCw0L3RktC10LvQvtCy0LDRhg!5e0!3m2!1sen!2srs!4v1775668822504!5m2!1sen!2srs\" width=\"1920\" height=\"550\" style=\"border:0;\" allowfullscreen=\"\" loading=\"lazy\" referrerpolicy=\"no-referrer-when-downgrade\"><\/iframe><\/p>\n\n\t\t<\/div>\n\t\t\t\t\n<style>\n#col-1118338918 > .col-inner {\n  padding: 0px 30px 0px 30px;\n}\n<\/style>\n\t<\/div>\n\n\t\n<\/div>\n","protected":false},"excerpt":{"rendered":"<p>Contact Information If you have any questions, you can contact us using the information below or by sending a message through the form. Address Equestrian Club &#8220;Aran\u0111elovac&#8221; Alekse \u0160anti\u0107a 44; 34300 Aran\u0111elovac Serbia Working Hours Monday &#8211; Friday: 10am &#8211; 6pm Saturday: 8am &#8211; 6pm Sunday: 9am &#8211; 5pm Email kkarandjelovac@gmail.com Phone +381 60 671 [&#8230;]\n","protected":false},"author":1,"featured_media":0,"parent":0,"menu_order":0,"comment_status":"closed","ping_status":"closed","template":"page-blank.php","meta":{"footnotes":""},"class_list":["post-372","page","type-page","status-publish","hentry"],"_links":{"self":[{"href":"https:\/\/www.konjickiklubarandjelovac.rs\/en\/wp-json\/wp\/v2\/pages\/372","targetHints":{"allow":["GET"]}}],"collection":[{"href":"https:\/\/www.konjickiklubarandjelovac.rs\/en\/wp-json\/wp\/v2\/pages"}],"about":[{"href":"https:\/\/www.konjickiklubarandjelovac.rs\/en\/wp-json\/wp\/v2\/types\/page"}],"author":[{"embeddable":true,"href":"https:\/\/www.konjickiklubarandjelovac.rs\/en\/wp-json\/wp\/v2\/users\/1"}],"replies":[{"embeddable":true,"href":"https:\/\/www.konjickiklubarandjelovac.rs\/en\/wp-json\/wp\/v2\/comments?post=372"}],"version-history":[{"count":0,"href":"https:\/\/www.konjickiklubarandjelovac.rs\/en\/wp-json\/wp\/v2\/pages\/372\/revisions"}],"wp:attachment":[{"href":"https:\/\/www.konjickiklubarandjelovac.rs\/en\/wp-json\/wp\/v2\/media?parent=372"}],"curies":[{"name":"wp","href":"https:\/\/api.w.org\/{rel}","templated":true}]}}